{"id":1601,"date":"2021-10-13T11:53:45","date_gmt":"2021-10-13T11:53:45","guid":{"rendered":"https:\/\/flippoxx.de\/?post_type=product&#038;p=1601"},"modified":"2021-12-08T10:18:03","modified_gmt":"2021-12-08T10:18:03","slug":"test","status":"publish","type":"product","link":"https:\/\/flippoxx.de\/?product=test","title":{"rendered":"Flippoxx \u201eblack \u201c 8 versch. Farben I kein Einkaufszettel mehr I tolle Einkaufshilfe I Flippscheibe I kein Handy, kein Stift, kein Zettel wegwerfen I umweltfreundlich"},"content":{"rendered":"<p>[et_pb_section bb_built=&#8220;1&#8243;][et_pb_row][et_pb_column type=&#8220;4_4&#8243;][et_pb_text]<\/p>\n<p><strong>Flippoxx &#8222;BLACK&#8220; &#8211; Die ultimative Einkaufshilfe.<\/strong><\/p>\n<p>Wer kennt das nicht: Einkaufszettel schreiben, alles im Laden wieder abhaken. Zettel zerkn\u00fcddeln, wegwerfen. Oder das vielger\u00fchmte Handy: alles was eingekauft werden soll eintippen oder ausw\u00e4hlen, im Laden dann alles wieder austragen. &#8230;Aber dumm w\u00e4re nur: Akku leer. Was nun? Da kommt Flippoxx ins Spiel: Zuhause &#8222;ein&#8220;flippen, im Laden &#8222;aus&#8220;flippen. Keine Papierverschwendung, umweltfreundlich, nachhhaltig. Flippoxx braucht keinen Akku, keinen Strom. Flippoxx passt in jede Hand- oder Manteltasche, ist rund, handlich und bequem zu bedienen. Gehen Sie beim Einkauf und &#8222;flippen&#8220;.<\/p>\n<p>[\/et_pb_text][\/et_pb_column][\/et_pb_row][\/et_pb_section]<\/p>\n","protected":false},"excerpt":{"rendered":"<p><strong>Flippoxx &#8222;BLACK&#8220; &#8211; Die ultimative Einkaufshilfe.<\/strong><\/p>\n<p>Wer kennt das nicht: Einkaufszettel schreiben, alles im Laden wieder abhaken. Zettel zerkn\u00fcddeln, wegwerfen. Oder das vielger\u00fchmte Handy: alles was eingekauft werden soll eintippen oder ausw\u00e4hlen, im Laden dann alles wieder austragen. &#8230;Aber dumm w\u00e4re nur: Akku leer. Was nun? Da kommt Flippoxx ins Spiel: Zuhause &#8222;ein&#8220;flippen, im Laden &#8222;aus&#8220;flippen. Keine Papierverschwendung, umweltfreundlich, nachhhaltig. Flippoxx braucht keinen Akku, keinen Strom. Flippoxx passt in jede Hand- oder Manteltasche, ist rund, handlich und bequem zu bedienen. Gehen Sie beim Einkauf und &#8222;flippen&#8220;.<\/p>\n","protected":false},"featured_media":1197,"comment_status":"open","ping_status":"closed","template":"","meta":{"_et_pb_use_builder":"on","_et_pb_old_content":"<p><strong>Flippoxx \"BLACK\" - Die ultimative Einkaufshilfe.<\/strong><\/p><p>Wer kennt das nicht: Einkaufszettel schreiben, alles im Laden wieder abhaken. Zettel zerkn\u00fcddeln, wegwerfen. Oder das vielger\u00fchmte Handy: alles was eingekauft werden soll eintippen oder ausw\u00e4hlen, im Laden dann alles wieder austragen. ...Aber dumm w\u00e4re nur: Akku leer. Was nun? Da kommt Flippoxx ins Spiel: Zuhause \"ein\"flippen, im Laden \"aus\"flippen. Keine Papierverschwendung, umweltfreundlich, nachhhaltig. Flippoxx braucht keinen Akku, keinen Strom. Flippoxx passt in jede Hand- oder Manteltasche, ist rund, handlich und bequem zu bedienen. Gehen Sie beim Einkauf und \"flippen\".<\/p>","_et_gb_content_width":""},"product_brand":[],"product_cat":[15],"product_tag":[],"class_list":{"0":"post-1601","1":"product","2":"type-product","3":"status-publish","4":"has-post-thumbnail","6":"product_cat-flippoxx-black-edition","8":"first","9":"instock","10":"sale","11":"taxable","12":"shipping-taxable","13":"purchasable","14":"product-type-variable","15":"has-default-attributes"},"_links":{"self":[{"href":"https:\/\/flippoxx.de\/index.php?rest_route=\/wp\/v2\/product\/1601","targetHints":{"allow":["GET"]}}],"collection":[{"href":"https:\/\/flippoxx.de\/index.php?rest_route=\/wp\/v2\/product"}],"about":[{"href":"https:\/\/flippoxx.de\/index.php?rest_route=\/wp\/v2\/types\/product"}],"replies":[{"embeddable":true,"href":"https:\/\/flippoxx.de\/index.php?rest_route=%2Fwp%2Fv2%2Fcomments&post=1601"}],"wp:featuredmedia":[{"embeddable":true,"href":"https:\/\/flippoxx.de\/index.php?rest_route=\/wp\/v2\/media\/1197"}],"wp:attachment":[{"href":"https:\/\/flippoxx.de\/index.php?rest_route=%2Fwp%2Fv2%2Fmedia&parent=1601"}],"wp:term":[{"taxonomy":"product_brand","embeddable":true,"href":"https:\/\/flippoxx.de\/index.php?rest_route=%2Fwp%2Fv2%2Fproduct_brand&post=1601"},{"taxonomy":"product_cat","embeddable":true,"href":"https:\/\/flippoxx.de\/index.php?rest_route=%2Fwp%2Fv2%2Fproduct_cat&post=1601"},{"taxonomy":"product_tag","embeddable":true,"href":"https:\/\/flippoxx.de\/index.php?rest_route=%2Fwp%2Fv2%2Fproduct_tag&post=1601"}],"curies":[{"name":"wp","href":"https:\/\/api.w.org\/{rel}","templated":true}]}}