{"id":1454,"date":"2021-08-11T10:46:26","date_gmt":"2021-08-11T10:46:26","guid":{"rendered":"https:\/\/flippoxx.de\/?page_id=1454"},"modified":"2021-08-12T11:30:19","modified_gmt":"2021-08-12T11:30:19","slug":"demnaechst","status":"publish","type":"page","link":"https:\/\/flippoxx.de\/?page_id=1454","title":{"rendered":"Demn\u00e4chst"},"content":{"rendered":"<p>[et_pb_section fb_built=&#8220;1&#8243; admin_label=&#8220;section&#8220; _builder_version=&#8220;4.9.2&#8243; background_color=&#8220;#000000&#8243;][et_pb_row column_structure=&#8220;1_2,1_2&#8243; _builder_version=&#8220;4.9.2&#8243; _module_preset=&#8220;default&#8220;][et_pb_column type=&#8220;1_2&#8243; _builder_version=&#8220;4.9.2&#8243; _module_preset=&#8220;default&#8220;][et_pb_blurb title=&#8220;Flippoxx %22Red Heart&#8217;s%22 &#8211; eine Vision&#8220; image=&#8220;http:\/\/flippoxx.de\/wp-content\/uploads\/2021\/08\/flippoxx-herz-ok.gif&#8220; _builder_version=&#8220;4.9.2&#8243; _module_preset=&#8220;default&#8220; header_font=&#8220;Verdana|700|||||||&#8220; header_text_color=&#8220;#FFFFFF&#8220; header_font_size=&#8220;27px&#8220; body_font=&#8220;Verdana||||||||&#8220; body_text_color=&#8220;#FFFFFF&#8220; body_font_size=&#8220;16px&#8220; hover_enabled=&#8220;0&#8243; sticky_enabled=&#8220;0&#8243;]<\/p>\n<p>&nbsp;<\/p>\n<p>Wir bem\u00fchen uns st\u00e4ndig neue, innovative Designs f\u00fcr ihren pers\u00f6nlichen Flippoxx zu kreieren. Lassen Sie sich \u00fcberraschen.<br \/>In unseren NEWS werden wir Sie immer zeitnah informieren wenn&#8217;s etwas NEUES gibt.<\/p>\n<p>[\/et_pb_blurb][\/et_pb_column][et_pb_column type=&#8220;1_2&#8243; _builder_version=&#8220;4.9.2&#8243; _module_preset=&#8220;default&#8220;][et_pb_text _builder_version=&#8220;4.9.2&#8243; _module_preset=&#8220;default&#8220; text_font=&#8220;Verdana|700|||||||&#8220; text_font_size=&#8220;22px&#8220; text_orientation=&#8220;center&#8220;]<\/p>\n<p>Haben Sie Fragen zu neuen Produkten?<\/p>\n<p>[\/et_pb_text][et_pb_contact_form email=&#8220;info@flippoxx.de&#8220; success_message=&#8220;Flippoxx sagt danke f\u00fcr Ihre Anfrage&#8220; submit_button_text=&#8220;Frage senden&#8220; _builder_version=&#8220;4.9.2&#8243; _module_preset=&#8220;default&#8220; title_font=&#8220;Verdana|700|||||||&#8220; title_text_color=&#8220;#FFFFFF&#8220; background_color=&#8220;RGBA(0,0,0,0)&#8220; custom_button=&#8220;on&#8220; button_text_size=&#8220;14px&#8220; button_text_color=&#8220;#161616&#8243; button_bg_color=&#8220;#D3D3D3&#8243; button_border_width=&#8220;4px&#8220; button_border_color=&#8220;#FFFFFF&#8220; button_font=&#8220;Verdana|700|||||||&#8220; button_use_icon=&#8220;off&#8220; hover_enabled=&#8220;0&#8243; border_color_all=&#8220;RGBA(0,0,0,0)&#8220; box_shadow_style_button=&#8220;preset2&#8243; box_shadow_blur_button=&#8220;5px&#8220; box_shadow_spread_button=&#8220;-38px&#8220; box_shadow_color_button=&#8220;#FFFFFF&#8220; sticky_enabled=&#8220;0&#8243;][et_pb_contact_field field_id=&#8220;Name&#8220; field_title=&#8220;Name&#8220; _builder_version=&#8220;3.16&#8243; button_text_size__hover_enabled=&#8220;off&#8220; button_one_text_size__hover_enabled=&#8220;off&#8220; button_two_text_size__hover_enabled=&#8220;off&#8220; button_text_color__hover_enabled=&#8220;off&#8220; button_one_text_color__hover_enabled=&#8220;off&#8220; button_two_text_color__hover_enabled=&#8220;off&#8220; button_border_width__hover_enabled=&#8220;off&#8220; button_one_border_width__hover_enabled=&#8220;off&#8220; button_two_border_width__hover_enabled=&#8220;off&#8220; button_border_color__hover_enabled=&#8220;off&#8220; button_one_border_color__hover_enabled=&#8220;off&#8220; button_two_border_color__hover_enabled=&#8220;off&#8220; button_border_radius__hover_enabled=&#8220;off&#8220; button_one_border_radius__hover_enabled=&#8220;off&#8220; button_two_border_radius__hover_enabled=&#8220;off&#8220; button_letter_spacing__hover_enabled=&#8220;off&#8220; button_one_letter_spacing__hover_enabled=&#8220;off&#8220; button_two_letter_spacing__hover_enabled=&#8220;off&#8220; button_bg_color__hover_enabled=&#8220;off&#8220; button_one_bg_color__hover_enabled=&#8220;off&#8220; button_two_bg_color__hover_enabled=&#8220;off&#8220;][\/et_pb_contact_field][et_pb_contact_field field_id=&#8220;Email&#8220; field_title=&#8220;E-Mail-Adresse&#8220; field_type=&#8220;email&#8220; _builder_version=&#8220;3.16&#8243; button_text_size__hover_enabled=&#8220;off&#8220; button_one_text_size__hover_enabled=&#8220;off&#8220; button_two_text_size__hover_enabled=&#8220;off&#8220; button_text_color__hover_enabled=&#8220;off&#8220; button_one_text_color__hover_enabled=&#8220;off&#8220; button_two_text_color__hover_enabled=&#8220;off&#8220; button_border_width__hover_enabled=&#8220;off&#8220; button_one_border_width__hover_enabled=&#8220;off&#8220; button_two_border_width__hover_enabled=&#8220;off&#8220; button_border_color__hover_enabled=&#8220;off&#8220; button_one_border_color__hover_enabled=&#8220;off&#8220; button_two_border_color__hover_enabled=&#8220;off&#8220; button_border_radius__hover_enabled=&#8220;off&#8220; button_one_border_radius__hover_enabled=&#8220;off&#8220; button_two_border_radius__hover_enabled=&#8220;off&#8220; button_letter_spacing__hover_enabled=&#8220;off&#8220; button_one_letter_spacing__hover_enabled=&#8220;off&#8220; button_two_letter_spacing__hover_enabled=&#8220;off&#8220; button_bg_color__hover_enabled=&#8220;off&#8220; button_one_bg_color__hover_enabled=&#8220;off&#8220; button_two_bg_color__hover_enabled=&#8220;off&#8220;][\/et_pb_contact_field][et_pb_contact_field field_id=&#8220;Message&#8220; field_title=&#8220;Nachricht&#8220; field_type=&#8220;text&#8220; fullwidth_field=&#8220;on&#8220; _builder_version=&#8220;4.9.2&#8243; button_text_size__hover_enabled=&#8220;off&#8220; button_one_text_size__hover_enabled=&#8220;off&#8220; button_two_text_size__hover_enabled=&#8220;off&#8220; button_text_color__hover_enabled=&#8220;off&#8220; button_one_text_color__hover_enabled=&#8220;off&#8220; button_two_text_color__hover_enabled=&#8220;off&#8220; button_border_width__hover_enabled=&#8220;off&#8220; button_one_border_width__hover_enabled=&#8220;off&#8220; button_two_border_width__hover_enabled=&#8220;off&#8220; button_border_color__hover_enabled=&#8220;off&#8220; button_one_border_color__hover_enabled=&#8220;off&#8220; button_two_border_color__hover_enabled=&#8220;off&#8220; button_border_radius__hover_enabled=&#8220;off&#8220; button_one_border_radius__hover_enabled=&#8220;off&#8220; button_two_border_radius__hover_enabled=&#8220;off&#8220; button_letter_spacing__hover_enabled=&#8220;off&#8220; button_one_letter_spacing__hover_enabled=&#8220;off&#8220; button_two_letter_spacing__hover_enabled=&#8220;off&#8220; button_bg_color__hover_enabled=&#8220;off&#8220; button_one_bg_color__hover_enabled=&#8220;off&#8220; button_two_bg_color__hover_enabled=&#8220;off&#8220;][\/et_pb_contact_field][\/et_pb_contact_form][\/et_pb_column][\/et_pb_row][\/et_pb_section]<\/p>\n","protected":false},"excerpt":{"rendered":"<p>[et_pb_section fb_built=&#8220;1&#8243; admin_label=&#8220;section&#8220; _builder_version=&#8220;4.9.2&#8243; background_color=&#8220;#000000&#8243;][et_pb_row column_structure=&#8220;1_2,1_2&#8243; _builder_version=&#8220;4.9.2&#8243; _module_preset=&#8220;default&#8220;][et_pb_column type=&#8220;1_2&#8243; _builder_version=&#8220;4.9.2&#8243; _module_preset=&#8220;default&#8220;][et_pb_blurb title=&#8220;Flippoxx %22Red Heart&#8217;s%22 &#8211; eine Vision&#8220; image=&#8220;http:\/\/flippoxx.de\/wp-content\/uploads\/2021\/08\/flippoxx-herz-ok.gif&#8220; _builder_version=&#8220;4.9.2&#8243; _module_preset=&#8220;default&#8220; header_font=&#8220;Verdana|700|||||||&#8220; header_text_color=&#8220;#FFFFFF&#8220; header_font_size=&#8220;27px&#8220; body_font=&#8220;Verdana||||||||&#8220; body_text_color=&#8220;#FFFFFF&#8220; body_font_size=&#8220;16px&#8220; hover_enabled=&#8220;0&#8243; sticky_enabled=&#8220;0&#8243;] &nbsp; Wir bem\u00fchen uns st\u00e4ndig neue, innovative Designs f\u00fcr ihren pers\u00f6nlichen Flippoxx zu kreieren. Lassen Sie sich \u00fcberraschen.In unseren NEWS werden wir Sie immer zeitnah informieren wenn&#8217;s [&hellip;]<\/p>\n","protected":false},"author":2,"featured_media":0,"parent":0,"menu_order":0,"comment_status":"closed","ping_status":"closed","template":"","meta":{"_et_pb_use_builder":"on","_et_pb_old_content":"","_et_gb_content_width":"","footnotes":""},"class_list":["post-1454","page","type-page","status-publish","hentry"],"cmb2":{"uhe_rest_metabox":{"uhe_rest_text":""}},"_links":{"self":[{"href":"https:\/\/flippoxx.de\/index.php?rest_route=\/wp\/v2\/pages\/1454","targetHints":{"allow":["GET"]}}],"collection":[{"href":"https:\/\/flippoxx.de\/index.php?rest_route=\/wp\/v2\/pages"}],"about":[{"href":"https:\/\/flippoxx.de\/index.php?rest_route=\/wp\/v2\/types\/page"}],"author":[{"embeddable":true,"href":"https:\/\/flippoxx.de\/index.php?rest_route=\/wp\/v2\/users\/2"}],"replies":[{"embeddable":true,"href":"https:\/\/flippoxx.de\/index.php?rest_route=%2Fwp%2Fv2%2Fcomments&post=1454"}],"version-history":[{"count":3,"href":"https:\/\/flippoxx.de\/index.php?rest_route=\/wp\/v2\/pages\/1454\/revisions"}],"predecessor-version":[{"id":1468,"href":"https:\/\/flippoxx.de\/index.php?rest_route=\/wp\/v2\/pages\/1454\/revisions\/1468"}],"wp:attachment":[{"href":"https:\/\/flippoxx.de\/index.php?rest_route=%2Fwp%2Fv2%2Fmedia&parent=1454"}],"curies":[{"name":"wp","href":"https:\/\/api.w.org\/{rel}","templated":true}]}}